{"id":147,"date":"2013-08-07T12:04:21","date_gmt":"2013-08-07T10:04:21","guid":{"rendered":"https:\/\/jugendfest.de\/w\/eschdorf2013\/?page_id=147"},"modified":"2013-08-07T12:16:49","modified_gmt":"2013-08-07T10:16:49","slug":"mitmachen","status":"publish","type":"page","link":"https:\/\/jugendfest.de\/w\/eschdorf2013\/mitmachen\/","title":{"rendered":"Mitmachen"},"content":{"rendered":"<h2>Kreative Ideen gesucht!<\/h2>\n<p><a href=\"https:\/\/jugendfest.de\/w\/eschdorf2013\/files\/2013\/08\/1.jpg\"><img loading=\"lazy\" decoding=\"async\" class=\"alignleft  wp-image-155\" title=\"Ausstellung zum Thema Einsame Spitze\" src=\"https:\/\/jugendfest.de\/w\/eschdorf2013\/files\/2013\/08\/1-300x214.jpg\" alt=\"Plakat einer Ausstellung zum Jugendfest 2009\" width=\"150\" height=\"107\" srcset=\"https:\/\/jugendfest.de\/w\/eschdorf2013\/files\/2013\/08\/1-300x214.jpg 300w, https:\/\/jugendfest.de\/w\/eschdorf2013\/files\/2013\/08\/1.jpg 600w\" sizes=\"auto, (max-width: 150px) 100vw, 150px\" \/><\/a>F\u00fcr eine Ausstellung w\u00e4hrend des Kreativen Jugendfests suchen wir deine Bilder zum Thema \u201eKeine Zeit? Hab ich nicht.\u201c Dabei sind deiner Phantasie keine Grenzen gesetzt \u2013 greif zu Fotoapparat, Stift, Pinsel oder etwas ganz anderem und banne deine Ideen auf Papier.<\/p>\n<p>Wer sich noch nicht vorstellen kann, was wir meinen, findet auf jugendfest.de die <a title=\"Ausstellung zum Jugendfest 2009\" href=\"https:\/\/jugendfest.de\/zurueckgeblickt\/fotoalben\/1253703762.php?galerieid=1252854163\" target=\"_blank\">Bilder von einer \u00e4hnlichen Ausstellung<\/a> zum Kreativen Jugendfest 2009. Einsenden kannst du deine Werke bis zum 27. August 2013 per Post im A4-Format an die<\/p>\n<p>Evangelische Jugend im KB Pirna<br \/>\nSchlo\u00dfstra\u00dfe 1<br \/>\n01796 Pirna<\/p>\n<p>oder digital an <a href=\"mailto:fsj@jugendfest.de\">fsj@jugendfest.de<\/a>.<\/p>\n<p>An diese E-Mail-Adresse und an Jugendfestler <a title=\"fsj auf jugendfest.de\" href=\"https:\/\/jugendfest.de\/jfler\/fsj\" target=\"_blank\">fsj<\/a> auf jugendfest.de kannst du auch deine Fragen zu der Aktion und der Ausstellung richten.<\/p>\n<hr\/>\n<h2>Die B\u00fchne geh\u00f6rt dir!<\/h2>\n<p><img loading=\"lazy\" decoding=\"async\" class=\"alignleft size-full wp-image-167\" title=\"Jongleure beim Kleinkunstfestival\" src=\"https:\/\/jugendfest.de\/w\/eschdorf2013\/files\/2013\/08\/jonglage.jpg\" alt=\"Jongleure beim Kleinkunstfestival\" width=\"100\" height=\"100\" \/>Du kannst etwas, das nicht jeder kann? Vielleicht: Lieder singen, jonglieren, Gedichte rezitieren, Theater spielen, tanzen, Witze erz\u00e4hlen, musizieren, Pantomime vorf\u00fchren, Kopf stehen,&#8230; Wir bieten dir die B\u00fchne daf\u00fcr! Beim Kleinkunstfestival zum 27. Kreativen Jugendfest in Dresden-Eschdorf hast du die Chance, dich und deine Werke zu pr\u00e4sentieren. Gage gibt es daf\u00fcr keine, du brauchst aber auch nichts zu bezahlen und bekommst ein gro\u00dfartiges, wohlwollendes Publikum. Bist du dabei? Dann schreib einfach eine E-Mail mit deinem Namen, deiner Telefonnummer und einer kurzen Beschreibung deiner Kunst an <a href=\"mailto:kleinkunstfestival@jugendfest.de\">kleinkunstfestival@jugendfest.de<\/a>. Dein Auftritt wird am 14.09.2013, voraussichtlich zwischen 21 und 22 Uhr in der Kirche in Eschdorf sein. Wir freuen uns auf dich!<\/p>\n","protected":false},"excerpt":{"rendered":"<p>Kreative Ideen gesucht! F\u00fcr eine Ausstellung w\u00e4hrend des Kreativen Jugendfests suchen wir deine Bilder zum Thema \u201eKeine Zeit? Hab ich nicht.\u201c Dabei sind deiner Phantasie keine Grenzen gesetzt \u2013 greif zu Fotoapparat, Stift, Pinsel oder etwas ganz anderem und banne deine Ideen auf Papier. Wer sich noch nicht vorstellen kann, was wir meinen, findet auf [&hellip;]<\/p>\n","protected":false},"author":4,"featured_media":0,"parent":0,"menu_order":0,"comment_status":"open","ping_status":"open","template":"","meta":{"footnotes":""},"class_list":["post-147","page","type-page","status-publish","hentry"],"_links":{"self":[{"href":"https:\/\/jugendfest.de\/w\/eschdorf2013\/wp-json\/wp\/v2\/pages\/147","targetHints":{"allow":["GET"]}}],"collection":[{"href":"https:\/\/jugendfest.de\/w\/eschdorf2013\/wp-json\/wp\/v2\/pages"}],"about":[{"href":"https:\/\/jugendfest.de\/w\/eschdorf2013\/wp-json\/wp\/v2\/types\/page"}],"author":[{"embeddable":true,"href":"https:\/\/jugendfest.de\/w\/eschdorf2013\/wp-json\/wp\/v2\/users\/4"}],"replies":[{"embeddable":true,"href":"https:\/\/jugendfest.de\/w\/eschdorf2013\/wp-json\/wp\/v2\/comments?post=147"}],"version-history":[{"count":11,"href":"https:\/\/jugendfest.de\/w\/eschdorf2013\/wp-json\/wp\/v2\/pages\/147\/revisions"}],"predecessor-version":[{"id":170,"href":"https:\/\/jugendfest.de\/w\/eschdorf2013\/wp-json\/wp\/v2\/pages\/147\/revisions\/170"}],"wp:attachment":[{"href":"https:\/\/jugendfest.de\/w\/eschdorf2013\/wp-json\/wp\/v2\/media?parent=147"}],"curies":[{"name":"wp","href":"https:\/\/api.w.org\/{rel}","templated":true}]}}