{"id":2,"date":"2013-08-02T00:29:55","date_gmt":"2013-08-02T00:29:55","guid":{"rendered":"https:\/\/jugendfest.de\/w\/eschdorf2013\/?page_id=2"},"modified":"2013-08-07T15:35:01","modified_gmt":"2013-08-07T13:35:01","slug":"infos","status":"publish","type":"page","link":"https:\/\/jugendfest.de\/w\/eschdorf2013\/infos\/","title":{"rendered":"Infos"},"content":{"rendered":"<h2>Kosten<\/h2>\n<div style=\"width: 130px\" class=\"wp-caption alignleft\"><img loading=\"lazy\" decoding=\"async\" class=\" \" src=\"https:\/\/www.jugendfest.de\/eschdorf\/2010\/Bilder\/Andere\/Moos.jpg\" alt=\"\" width=\"120\" height=\"120\" \/><p class=\"wp-caption-text\">Bild: \u00a9 Didi01 \/ PIXELIO<\/p><\/div>\n<p>Dein Kostenbeitrag f\u00fcr <strong>das ganze Wochenende betr\u00e4gt 10,00 Euro<\/strong>, ab Sonnabend 17.00 Uhr sind es noch 6,00 Euro. Darin enthalten ist die Teilnahme an allen Programmpunkten und die Zeltplatzgeb\u00fchr. Wer nur Freitagabend kommt, bekommt 4,00 Euro zur\u00fcck, wenn er das Gel\u00e4nde bis 0.30 Uhr verl\u00e4sst. Andere Erm\u00e4\u00dfigungen werden nicht gew\u00e4hrt.<\/p>\n<hr \/>\n<h2>Anreise<\/h2>\n<div style=\"width: 130px\" class=\"wp-caption alignleft\"><img loading=\"lazy\" decoding=\"async\" src=\"https:\/\/www.jugendfest.de\/eschdorf\/2010\/Bilder\/Andere\/Bahn.jpg\" alt=\"\" width=\"120\" height=\"120\" \/><p class=\"wp-caption-text\">Bild: \u00a9 Peter von Bechen \/ PIXELIO<\/p><\/div>\n<p>Am besten mit dem <strong>Zug<\/strong> von Pirna oder Neustadt bis nach D\u00fcrrr\u00f6hrsdorf, von dort mit dem Bus der Linie 226 nach Eschdorf. Oder mit dem Bus der Linie 226 von Dresden-B\u00fchlau direkt nach Eschdorf. Die beste Verbindung von dir zum Jugendfest findest du unter <a href=\"http:\/\/www.vvo-online.de\/de\/fahrplan\/verbindungsauskunft\/\" target=\"_blank\">www.vvo-online.de<\/a> oder <a href=\"http:\/\/www.bahn.de\/\" target=\"_blank\">www.bahn.de<\/a>.<\/p>\n<p>Anstrengender: mit dem <strong>Fahrrad<\/strong> von Pirna Richtung Radeberg, kurz nach W\u00fcnschendorf links den Radweg, der f\u00fchrt direkt zum Festgel\u00e4nde.<\/p>\n<p>Per <strong>Auto<\/strong>, nicht gerade \u00f6kologisch und Parkpl\u00e4tze sind knapp.<\/p>\n<p><a href=\"http:\/\/maps.google.de\/maps?ie=UTF8&amp;hl=de&amp;q=Kirchberg+3%2C+Dresden-Eschdorf&amp;f=q&amp;sampleq=1\" target=\"_blank\">Hier<\/a> gibts Eschdorf auf der Landkarte.<\/p>\n<hr \/>\n<h2>\u00dcbernachtung<\/h2>\n<div>\n<p><img loading=\"lazy\" decoding=\"async\" class=\"alignleft\" src=\"https:\/\/www.jugendfest.de\/eschdorf\/2010\/Bilder\/Andere\/Zelt.jpg\" alt=\"\" width=\"120\" height=\"120\" \/>\u00dcbernachten kannst du nur in deinem Zelt. Also auch Schlafsack und Isomatte nicht vergessen.<\/p>\n<\/div>\n<hr \/>\n<h2>Nahrung<\/h2>\n<div><img loading=\"lazy\" decoding=\"async\" class=\"alignleft\" src=\"https:\/\/www.jugendfest.de\/eschdorf\/2010\/Bilder\/Andere\/Essen.jpg\" alt=\"\" width=\"120\" height=\"120\" \/>Nahrung kannst du kosteng\u00fcnstig an unseren Verkaufsst\u00e4nden erwerben oder selbst mitbringen. Essbesteck und Teller nicht vergessen!<\/div>\n<hr \/>\n<h2>Alkohol<\/h2>\n<div style=\"width: 130px\" class=\"wp-caption alignleft\"><img loading=\"lazy\" decoding=\"async\" src=\"https:\/\/www.jugendfest.de\/eschdorf\/2010\/Bilder\/Andere\/Alkohol.jpg\" alt=\"\" width=\"120\" height=\"120\" \/><p class=\"wp-caption-text\">Bild: \u00a9 onefoto \/ PIXELIO<\/p><\/div>\n<p>Alkohol st\u00f6rt die Atmosph\u00e4re des Jugendfestes! Au\u00dferdem gibt es Besucher, die noch nicht 16 sind. Deshalb ist es verboten alkoholische Getr\u00e4nke mitzubringen und zu konsumieren. Wir behalten uns Taschenkontrollen am Einlass und auf dem Veranstaltungsgel\u00e4nde vor.<\/p>\n<hr \/>\n<h2>Drogen<\/h2>\n<div>\n<div style=\"width: 130px\" class=\"wp-caption alignleft\"><img loading=\"lazy\" decoding=\"async\" src=\"https:\/\/www.jugendfest.de\/eschdorf\/2010\/Bilder\/Andere\/Drogen.jpg\" alt=\"\" width=\"120\" height=\"120\" \/><p class=\"wp-caption-text\">Bild: \u00a9 mephys \/ PIXELIO<\/p><\/div>\n<p>Drogen hat der Gesetzgeber verboten. Er wird seine Gr\u00fcnde daf\u00fcr haben. Wer sich nicht an dieses Verbot h\u00e4lt, bringt das Jugendfest in Gefahr und bekommt deswegen \u00c4rger mit uns.<\/p>\n<\/div>\n<hr \/>\n<h2>Noch nicht vollj\u00e4hrig?<\/h2>\n<div>\n<p><img loading=\"lazy\" decoding=\"async\" class=\"alignleft\" src=\"https:\/\/www.jugendfest.de\/eschdorf\/2010\/Bilder\/Andere\/nicht18.jpg\" alt=\"\" width=\"120\" height=\"120\" \/>Noch nicht 18? Dann weisen wir dich und deine Erziehungsberechtigten darauf hin, dass der Veranstalter keine Aufsichtspflicht \u00fcbernimmt.<\/p>\n<\/div>\n<hr \/>\n<h2>Kleinkinder<\/h2>\n<div>\n<p><img loading=\"lazy\" decoding=\"async\" class=\"alignleft\" src=\"https:\/\/www.jugendfest.de\/eschdorf\/2010\/Bilder\/Andere\/Kleinkinder.jpg\" alt=\"\" width=\"120\" height=\"120\" \/>Kleinkinder und ihre Familien k\u00f6nnen (nach Anmeldung) im Haus \u00fcbernachten.<\/p>\n<\/div>\n<hr \/>\n<h2>Regen?<\/h2>\n<div>\n<p><img loading=\"lazy\" decoding=\"async\" class=\"alignleft\" src=\"https:\/\/www.jugendfest.de\/eschdorf\/2010\/Bilder\/Andere\/Regen.jpg\" alt=\"\" width=\"120\" height=\"120\" \/>Regen? Den wird es vermutlich geben. Aber wir sind bestens darauf vorbereitet. F\u00fcr das Programm wird es keine Einschr\u00e4nkung geben. Und dein Zelt ist doch dicht, oder?<\/p>\n<\/div>\n<hr \/>\n<h2>Weitere Fragen<\/h2>\n<div>\n<p><img loading=\"lazy\" decoding=\"async\" class=\"alignleft\" src=\"https:\/\/www.jugendfest.de\/eschdorf\/2010\/Bilder\/Andere\/Fragen.jpg\" alt=\"\" width=\"120\" height=\"120\" \/>F\u00fcr weitere Fragen kannst du dich gern an uns wenden:<\/p>\n<p>E-Mail: <a href=\"mailto:guckloch@jugendfest.de\">guckloch@jugendfest.de<\/a><br \/>\nTelefon: 03501 467495<\/p>\n<p><a href=\"https:\/\/www.jugendfest.de\/angebote\/wir\">Weitere Informationen<\/a><\/p>\n<\/div>\n<hr \/>\n<h2>Newsletter<\/h2>\n<div style=\"width: 130px\" class=\"wp-caption alignleft\"><img loading=\"lazy\" decoding=\"async\" src=\"https:\/\/www.jugendfest.de\/eschdorf\/2010\/Bilder\/Andere\/Newsletter.jpg\" alt=\"\" width=\"120\" height=\"120\" \/><p class=\"wp-caption-text\">Bild: \u00a9 pepsprog \/ PIXELIO<\/p><\/div>\n<p>Um wirklich keine Information zu verpassen, kannst du <a href=\"https:\/\/www.jugendfest.de\/rundbrief\/\" target=\"_blank\">hier<\/a> den E-Mail-Newsletter bestellen.<\/p>\n<hr \/>\n<h2>Veranstalter<\/h2>\n<p><img loading=\"lazy\" decoding=\"async\" class=\"alignleft\" src=\"https:\/\/www.jugendfest.de\/eschdorf\/2010\/Bilder\/Andere\/Kugelkreuz.jpg\" alt=\"\" width=\"120\" height=\"120\" \/>Veranstalter des Jugendfestes ist die <a href=\"https:\/\/www.jugendfest.de\/\" target=\"_blank\">Evangelische Jugend im Kirchenbezirk Pirna<\/a> in Zusammenarbeit mit der <a href=\"http:\/\/www.evangelische-jugend-dresden.de\/\" target=\"_blank\">Evangelischen Jugend Dresden<\/a>. Das<br \/>\nKreative Jugendfest wird von der Landeshauptstadt Dresden, Jugendamt, finanziell gef\u00f6rdert.<\/p>\n","protected":false},"excerpt":{"rendered":"<p>Kosten Dein Kostenbeitrag f\u00fcr das ganze Wochenende betr\u00e4gt 10,00 Euro, ab Sonnabend 17.00 Uhr sind es noch 6,00 Euro. Darin enthalten ist die Teilnahme an allen Programmpunkten und die Zeltplatzgeb\u00fchr. Wer nur Freitagabend kommt, bekommt 4,00 Euro zur\u00fcck, wenn er das Gel\u00e4nde bis 0.30 Uhr verl\u00e4sst. Andere Erm\u00e4\u00dfigungen werden nicht gew\u00e4hrt. Anreise Am besten mit [&hellip;]<\/p>\n","protected":false},"author":4,"featured_media":0,"parent":0,"menu_order":0,"comment_status":"open","ping_status":"open","template":"","meta":{"footnotes":""},"class_list":["post-2","page","type-page","status-publish","hentry"],"_links":{"self":[{"href":"https:\/\/jugendfest.de\/w\/eschdorf2013\/wp-json\/wp\/v2\/pages\/2","targetHints":{"allow":["GET"]}}],"collection":[{"href":"https:\/\/jugendfest.de\/w\/eschdorf2013\/wp-json\/wp\/v2\/pages"}],"about":[{"href":"https:\/\/jugendfest.de\/w\/eschdorf2013\/wp-json\/wp\/v2\/types\/page"}],"author":[{"embeddable":true,"href":"https:\/\/jugendfest.de\/w\/eschdorf2013\/wp-json\/wp\/v2\/users\/4"}],"replies":[{"embeddable":true,"href":"https:\/\/jugendfest.de\/w\/eschdorf2013\/wp-json\/wp\/v2\/comments?post=2"}],"version-history":[{"count":29,"href":"https:\/\/jugendfest.de\/w\/eschdorf2013\/wp-json\/wp\/v2\/pages\/2\/revisions"}],"predecessor-version":[{"id":26,"href":"https:\/\/jugendfest.de\/w\/eschdorf2013\/wp-json\/wp\/v2\/pages\/2\/revisions\/26"}],"wp:attachment":[{"href":"https:\/\/jugendfest.de\/w\/eschdorf2013\/wp-json\/wp\/v2\/media?parent=2"}],"curies":[{"name":"wp","href":"https:\/\/api.w.org\/{rel}","templated":true}]}}