{"id":4,"date":"2013-08-07T02:35:27","date_gmt":"2013-08-07T00:35:27","guid":{"rendered":"https:\/\/jugendfest.de\/w\/eschdorf2013\/?page_id=4"},"modified":"2013-08-07T12:09:04","modified_gmt":"2013-08-07T10:09:04","slug":"thema","status":"publish","type":"page","link":"https:\/\/jugendfest.de\/w\/eschdorf2013\/thema\/","title":{"rendered":"Thema"},"content":{"rendered":"<p>Ein Blick in den Terminkalender und dann huschen sie schnell \u00fcber deine Lippen. Diese zwei Worte: \u201eKeine Zeit!\u201c Und ich denke: \u201eKeine Zeit? Hab ich nicht.\u201c Die Zeit ist ja da. Die rennt auch nicht pl\u00f6tzlich weg, wie wir manchmal gern behaupten. Die geht immer im gleichen Rhythmus. Die Frage ist nur, was du damit machst. Wie du sie nutzt. Wof\u00fcr du dir Zeit nimmst \u2013 und wof\u00fcr nicht. Klar gibt es Dinge, die erledigt werden m\u00fcssen. In die Schule gehen, zum Beispiel. Oder aufs Klo. Doch die meisten Eintr\u00e4ge im Kalender sind deine freie Entscheidung. Dann kannst du auch ganz bewusst sagen \u201eHierf\u00fcr nehme ich mir Zeit \u2013 und daf\u00fcr nicht.\u201c Damit geht es allen Beteiligten besser, denn \u201eKeine Zeit!\u201c ist so gesehen doch eher eine unehrliche Ausrede. Du hast also auch vom 13. bis 15. September 2013 Zeit. Dann nimm sie dir doch f\u00fcr das 27. Kreative Jugendfest in Dresden-Eschdorf. Wir wollen unsere Zeit mit dir teilen bei guter Live-Musik, interessanten Inputs zum Thema, entspannten Abenden am Lagerfeuer und vielem mehr.<\/p>\n<p>&nbsp;<\/p>\n<p style=\"text-align: center\"><img loading=\"lazy\" decoding=\"async\" class=\"aligncenter size-full wp-image-53\" style=\"border-width: 0px;border-color: currentColor;border-style: none\" src=\"https:\/\/jugendfest.de\/w\/eschdorf2013\/files\/2013\/08\/logo.png\" alt=\"\" width=\"213\" height=\"140\" \/><\/p>\n","protected":false},"excerpt":{"rendered":"<p>Ein Blick in den Terminkalender und dann huschen sie schnell \u00fcber deine Lippen. Diese zwei Worte: \u201eKeine Zeit!\u201c Und ich denke: \u201eKeine Zeit? Hab ich nicht.\u201c Die Zeit ist ja da. Die rennt auch nicht pl\u00f6tzlich weg, wie wir manchmal gern behaupten. Die geht immer im gleichen Rhythmus. Die Frage ist nur, was du damit [&hellip;]<\/p>\n","protected":false},"author":4,"featured_media":0,"parent":0,"menu_order":0,"comment_status":"open","ping_status":"open","template":"","meta":{"footnotes":""},"class_list":["post-4","page","type-page","status-publish","hentry"],"_links":{"self":[{"href":"https:\/\/jugendfest.de\/w\/eschdorf2013\/wp-json\/wp\/v2\/pages\/4","targetHints":{"allow":["GET"]}}],"collection":[{"href":"https:\/\/jugendfest.de\/w\/eschdorf2013\/wp-json\/wp\/v2\/pages"}],"about":[{"href":"https:\/\/jugendfest.de\/w\/eschdorf2013\/wp-json\/wp\/v2\/types\/page"}],"author":[{"embeddable":true,"href":"https:\/\/jugendfest.de\/w\/eschdorf2013\/wp-json\/wp\/v2\/users\/4"}],"replies":[{"embeddable":true,"href":"https:\/\/jugendfest.de\/w\/eschdorf2013\/wp-json\/wp\/v2\/comments?post=4"}],"version-history":[{"count":6,"href":"https:\/\/jugendfest.de\/w\/eschdorf2013\/wp-json\/wp\/v2\/pages\/4\/revisions"}],"predecessor-version":[{"id":164,"href":"https:\/\/jugendfest.de\/w\/eschdorf2013\/wp-json\/wp\/v2\/pages\/4\/revisions\/164"}],"wp:attachment":[{"href":"https:\/\/jugendfest.de\/w\/eschdorf2013\/wp-json\/wp\/v2\/media?parent=4"}],"curies":[{"name":"wp","href":"https:\/\/api.w.org\/{rel}","templated":true}]}}