{"id":8,"date":"2013-08-07T02:52:22","date_gmt":"2013-08-07T00:52:22","guid":{"rendered":"https:\/\/jugendfest.de\/w\/eschdorf2013\/?page_id=8"},"modified":"2013-08-08T17:15:45","modified_gmt":"2013-08-08T15:15:45","slug":"bands","status":"publish","type":"page","link":"https:\/\/jugendfest.de\/w\/eschdorf2013\/bands\/","title":{"rendered":"Bands"},"content":{"rendered":"<h2>Destination Anywhere<\/h2>\n<p>Destination Anywhere wissen nach mittlerweile knapp 200 Auftritten ganz genau, was das Festivalbesucherherz h\u00f6her schlagen l\u00e4sst. Das ist deftiger Punkrock, tanzbarer Offbeat und ein dreik\u00f6pfiges Blasorchester. Alles in allem eine PopPunk-Granate mit Bl\u00e4serz\u00fcndsatz&#8230; tick, tick, tick, BOOOM!!!<\/p>\n<div id=\"attachment_142\" style=\"width: 310px\" class=\"wp-caption alignright\"><img loading=\"lazy\" decoding=\"async\" aria-describedby=\"caption-attachment-142\" class=\"size-medium wp-image-142\" src=\"https:\/\/jugendfest.de\/w\/eschdorf2013\/files\/2013\/08\/destinationanywhere-300x200.png\" alt=\"\" width=\"300\" height=\"200\" srcset=\"https:\/\/jugendfest.de\/w\/eschdorf2013\/files\/2013\/08\/destinationanywhere-300x200.png 300w, https:\/\/jugendfest.de\/w\/eschdorf2013\/files\/2013\/08\/destinationanywhere.png 580w\" sizes=\"auto, (max-width: 300px) 100vw, 300px\" \/><p id=\"caption-attachment-142\" class=\"wp-caption-text\">Bild: \u00a9 destinationanywhere.de<\/p><\/div>\n<p>David Conrad (voc)<br \/>\nTim Klein (git)<br \/>\nAndr\u00e9 R\u00fcddigkeit (bass)<br \/>\nPeter Stock (dr)<br \/>\nPhilipp Schopp (trumpet)<br \/>\nChristian J\u00fcngst (sax)<br \/>\nChristoph Zimmermann (sax)<br \/>\nSimon Bradatsch (trombone)<\/p>\n<p><a title=\"auf facebook\" href=\"https:\/\/www.facebook.com\/OfficialDA\" target=\"_blank\">auf facebook.com<\/a><\/p>\n<hr \/>\n<h2>Baru<\/h2>\n<p>Die vier Jungs aus Werdau rocken den Hof. Eine Mischung aus Popmusik und Indie-Rock mit elektronisch halligen Sounds. Tanzen ist nicht nur m\u00f6glich, sondern zwingend erforderlich.<\/p>\n<div id=\"attachment_175\" style=\"width: 310px\" class=\"wp-caption alignright\"><a href=\"https:\/\/jugendfest.de\/w\/eschdorf2013\/files\/2013\/08\/baru.png\"><img loading=\"lazy\" decoding=\"async\" aria-describedby=\"caption-attachment-175\" class=\"size-medium wp-image-175\" src=\"https:\/\/jugendfest.de\/w\/eschdorf2013\/files\/2013\/08\/baru-300x184.png\" alt=\"\" width=\"300\" height=\"184\" srcset=\"https:\/\/jugendfest.de\/w\/eschdorf2013\/files\/2013\/08\/baru-300x184.png 300w, https:\/\/jugendfest.de\/w\/eschdorf2013\/files\/2013\/08\/baru.png 600w\" sizes=\"auto, (max-width: 300px) 100vw, 300px\" \/><\/a><p id=\"caption-attachment-175\" class=\"wp-caption-text\">Bild: \u00a9 barumusic.de<\/p><\/div>\n<p>Ferdinand Weigel<br \/>\nAndres Seidel<br \/>\nRonny Haberer<br \/>\nJacob Feustel<\/p>\n<p><a href=\"http:\/\/www.barumusic.de\" target=\"_blank\">barumusic.de<\/a><\/p>\n<hr \/>\n<h2>Die Folksamen<\/h2>\n<p>F\u00fcnf junge Lausitzer auf der Mission of Folk! Ausger\u00fcstet mit eigenen Krachern und mitrei\u00dfenden Traditionals aus der sorbischen Lausitz und dem Rest der Welt, streiten sie f\u00fcr die Verbreitung authentischer, handgemachter Folkrockmusik. Unbeeindruckt von der klischeehaften Hymnenhaftigkeit der Highlands oder der stetigen Melancholie in so manchem sorbischen Volkslied, verschmelzen sie Folkmelodien mit den besten Elementen aus Pop, Ska und Rock, um daraus den markanten Die Folksamen-Sound zu gie\u00dfen. Immer tanzbar, immer h\u00f6rens- und sehenswert! Immer Folk!<\/p>\n<p>Manuel Semisch (git, banjo, voc)<br \/>\nNils Rudolph (bass, irish bouzouki, voc)<br \/>\nSophie Marten (violin)<br \/>\nSebastian Schiller (dr)<br \/>\nClemens Isensee (accordion)<\/p>\n<p><a href=\"http:\/\/myspace.com\/folksam\" target=\"_blank\">auf myspace<\/a><br \/>\n<a href=\"https:\/\/www.facebook.com\/pages\/Die-Folksamen\/206445206058010\" target=\"_blank\">auf facebook.com<\/a><\/p>\n<hr \/>\n<h2>Jugendstil<\/h2>\n<p>Jugendstil, die dreik\u00f6pfige Akustik-Band regt zum Nachdenken, Mitsingen und Abgehen an. Bei ihrem facettenreichen Liedgut ist f\u00fcr jeden was dabei.<\/p>\n<p>Clemens Zetsche (voc, git)<br \/>\nGustav Mixsa (dr)<br \/>\nMartin Reichel (bass)<\/p>\n<p><a href=\"http:\/\/www.youtube.com\/user\/jugendstilkreischa\/videos\" target=\"_blank\">auf YouTube\u00a0<\/a><\/p>\n<hr \/>\n<h2>Chalijastre<\/h2>\n<p>Klezmer, das ist jiddische Volksmusik. Dieser hat sich die Band Chalijastre verschrieben und spielt auf zum rhythmischen Zucken f\u00fcr den ganzen K\u00f6rper.<\/p>\n<p>Juliane Gellrich (violin)<br \/>\nCharlotte Langer (viola)<br \/>\nGernot Kranz (clarinet)<br \/>\nAlwin Frei (git)<br \/>\nPaul Bauer (bass)<br \/>\nGustav Mixsa (dr)<\/p>\n<p><a href=\"https:\/\/www.facebook.com\/pages\/Chalijastre\/165038490193277?fref=ts\" target=\"_blank\">auf facebook.com<\/a><\/p>\n<hr \/>\n<h2>Andreas H\u00fcbner feat. Torsten H\u00fcttenrauch<\/h2>\n<p>Liedermacher und Gitarrist Andreas H\u00fcbner aus Dresden tat sich mit Torsten H\u00fcttenrauch (Piano) und Martin Jahn (Schlagzeug) zusammen, um von Glauben, Leben, Liebe und Hoffnung zu singen. Das Programm wurde eigens f\u00fcr dieses Konzert zur Nacht in Eschdorf einstudiert.<\/p>\n<p>Andreas H\u00fcbner (git)<br \/>\nTorsten H\u00fcttenrauch (keys)<br \/>\nMartin Jahn (dr)<\/p>\n","protected":false},"excerpt":{"rendered":"<p>Destination Anywhere Destination Anywhere wissen nach mittlerweile knapp 200 Auftritten ganz genau, was das Festivalbesucherherz h\u00f6her schlagen l\u00e4sst. Das ist deftiger Punkrock, tanzbarer Offbeat und ein dreik\u00f6pfiges Blasorchester. Alles in allem eine PopPunk-Granate mit Bl\u00e4serz\u00fcndsatz&#8230; tick, tick, tick, BOOOM!!! David Conrad (voc) Tim Klein (git) Andr\u00e9 R\u00fcddigkeit (bass) Peter Stock (dr) Philipp Schopp (trumpet) Christian [&hellip;]<\/p>\n","protected":false},"author":4,"featured_media":0,"parent":0,"menu_order":0,"comment_status":"open","ping_status":"open","template":"","meta":{"footnotes":""},"class_list":["post-8","page","type-page","status-publish","hentry"],"_links":{"self":[{"href":"https:\/\/jugendfest.de\/w\/eschdorf2013\/wp-json\/wp\/v2\/pages\/8","targetHints":{"allow":["GET"]}}],"collection":[{"href":"https:\/\/jugendfest.de\/w\/eschdorf2013\/wp-json\/wp\/v2\/pages"}],"about":[{"href":"https:\/\/jugendfest.de\/w\/eschdorf2013\/wp-json\/wp\/v2\/types\/page"}],"author":[{"embeddable":true,"href":"https:\/\/jugendfest.de\/w\/eschdorf2013\/wp-json\/wp\/v2\/users\/4"}],"replies":[{"embeddable":true,"href":"https:\/\/jugendfest.de\/w\/eschdorf2013\/wp-json\/wp\/v2\/comments?post=8"}],"version-history":[{"count":25,"href":"https:\/\/jugendfest.de\/w\/eschdorf2013\/wp-json\/wp\/v2\/pages\/8\/revisions"}],"predecessor-version":[{"id":187,"href":"https:\/\/jugendfest.de\/w\/eschdorf2013\/wp-json\/wp\/v2\/pages\/8\/revisions\/187"}],"wp:attachment":[{"href":"https:\/\/jugendfest.de\/w\/eschdorf2013\/wp-json\/wp\/v2\/media?parent=8"}],"curies":[{"name":"wp","href":"https:\/\/api.w.org\/{rel}","templated":true}]}}